{"id":727,"date":"2024-05-21T13:11:15","date_gmt":"2024-05-21T11:11:15","guid":{"rendered":"https:\/\/rgch-mens.adwebsys.be\/?page_id=727"},"modified":"2024-05-23T11:04:38","modified_gmt":"2024-05-23T09:04:38","slug":"articles","status":"publish","type":"page","link":"https:\/\/rgch-mens.be\/index.php\/articles\/","title":{"rendered":"Articles"},"content":{"rendered":"<div data-colibri-id=\"727-c1\" class=\"style-804 style-local-727-c1 position-relative\">\n  <!---->\n  <div data-colibri-component=\"section\" data-colibri-id=\"727-c2\" id=\"blog\" class=\"h-section h-section-global-spacing d-flex align-items-lg-center align-items-md-center align-items-center style-805 style-local-727-c2 position-relative\">\n    <!---->\n    <!---->\n    <div class=\"h-section-grid-container h-section-boxed-container\">\n      <div data-colibri-id=\"727-c15\" class=\"h-row-container gutters-row-lg-2 gutters-row-md-2 gutters-row-2 gutters-row-v-lg-2 gutters-row-v-md-2 gutters-row-v-2 style-818 style-local-727-c15 position-relative\">\n        <!---->\n        <div class=\"h-row justify-content-lg-center justify-content-md-center justify-content-center align-items-lg-stretch align-items-md-stretch align-items-stretch gutters-col-lg-2 gutters-col-md-2 gutters-col-2 gutters-col-v-lg-2 gutters-col-v-md-2 gutters-col-v-2\">\n          <!---->\n          <div class=\"h-column h-column-container d-flex h-col-lg-auto h-col-md-auto h-col-auto style-819-outer style-local-727-c16-outer\">\n            <div data-colibri-id=\"727-c16\" class=\"d-flex h-flex-basis h-column__inner h-px-lg-2 h-px-md-2 h-px-2 v-inner-lg-2 v-inner-md-2 v-inner-2 style-819 style-local-727-c16 position-relative\">\n              <!---->\n              <!---->\n              <div class=\"w-100 h-y-container h-column__content h-column__v-align flex-basis-100 align-self-lg-start align-self-md-start align-self-start\">\n                <!---->\n                <div data-colibri-id=\"727-c17\" class=\"h-global-transition-all h-heading style-820 style-local-727-c17 position-relative h-element\">\n                  <!---->\n                  <div class=\"h-heading__outer style-820 style-local-727-c17\">\n                    <!---->\n                    <!---->\n                    <h2 class=\"\">Derniers Articles<\/h2>\n                  <\/div>\n                <\/div>\n              <\/div>\n            <\/div>\n          <\/div>\n        <\/div>\n      <\/div>\n      <div data-colibri-id=\"727-c3\" class=\"h-row-container gutters-row-lg-0 gutters-row-md-0 gutters-row-0 gutters-row-v-lg-0 gutters-row-v-md-0 gutters-row-v-0 style-806 style-local-727-c3 position-relative\">\n        <!---->\n        <div class=\"h-row justify-content-lg-center justify-content-md-center justify-content-center align-items-lg-stretch align-items-md-stretch align-items-stretch gutters-col-lg-0 gutters-col-md-0 gutters-col-0 gutters-col-v-lg-0 gutters-col-v-md-0 gutters-col-v-0\">\n          <!---->\n          <div class=\"h-column h-column-container d-flex h-col-lg-auto h-col-md-auto h-col-auto style-807-outer style-local-727-c4-outer\">\n            <div data-colibri-id=\"727-c4\" class=\"d-flex h-flex-basis h-column__inner h-px-lg-0 h-px-md-0 h-px-0 v-inner-lg-0 v-inner-md-0 v-inner-0 style-807 style-local-727-c4 position-relative\">\n              <!---->\n              <!---->\n              <div class=\"w-100 h-y-container h-column__content h-column__v-align flex-basis-100 align-self-lg-start align-self-md-start align-self-start\">\n                <!---->\n                <div data-colibri-id=\"727-c5\" class=\"h-row-container gutters-row-lg-2 gutters-row-md-2 gutters-row-2 gutters-row-v-lg-2 gutters-row-v-md-2 gutters-row-v-2 colibri-dynamic-list style-808 style-local-727-c5 position-relative\">\n                  <!---->\n                  <div data-colibri-component=\"\" class=\"h-row justify-content-lg-start justify-content-md-start justify-content-start align-items-lg-stretch align-items-md-stretch align-items-stretch gutters-col-lg-2 gutters-col-md-2 gutters-col-2 gutters-col-v-lg-2 gutters-col-v-md-2 gutters-col-v-2 style-808-row style-local-727-c5-row\">\n                    <!---->\n        <div class=\"h-column h-column-container d-flex h-col-lg-6 h-col-md-6 h-col-12 post-1155 post type-post status-publish format-standard has-post-thumbnail hentry category-non-classe masonry-item style-809-outer style-local-727-c6-outer\"><div data-colibri-id=\"727-c6\" class=\"d-flex h-flex-basis h-column__inner h-px-lg-2 h-px-md-2 h-px-2 v-inner-lg-2 v-inner-md-2 v-inner-2 style-809 style-local-727-c6 position-relative\"> <div class=\"w-100 h-y-container h-column__content h-column__v-align flex-basis-100 align-self-lg-start align-self-md-start align-self-start\"> <div data-colibri-id=\"727-c7\" class=\"h-row-container gutters-row-lg-0 gutters-row-md-0 gutters-row-0 gutters-row-v-lg-0 gutters-row-v-md-0 gutters-row-v-0 style-810 style-local-727-c7 h-overflow-hidden position-relative\"><div class=\"h-row justify-content-lg-center justify-content-md-center justify-content-center align-items-lg-stretch align-items-md-stretch align-items-stretch gutters-col-lg-0 gutters-col-md-0 gutters-col-0 gutters-col-v-lg-0 gutters-col-v-md-0 gutters-col-v-0\"> <div class=\"h-column h-column-container d-flex h-col-lg-6 h-col-md-6 h-col-12 style-811-outer style-local-727-c8-outer\"><div data-colibri-id=\"727-c8\" class=\"d-flex h-flex-basis h-column__inner h-px-lg-0 h-px-md-0 h-px-0 v-inner-lg-0 v-inner-md-0 v-inner-0 style-811 style-local-727-c8 position-relative\"> <div class=\"w-100 h-y-container h-column__content h-column__v-align flex-basis-100 align-self-lg-start align-self-md-start align-self-start\"> <div data-href=\"https:\/\/rgch-mens.be\/index.php\/2024\/11\/28\/classements-championnats-winter-2025\/\" data-colibri-component=\"link\" data-colibri-id=\"727-c9\" class=\"colibri-post-thumbnail colibri-post-has-thumbnail colibri-post-thumbnail-has-placeholder style-812 style-local-727-c9 h-overflow-hidden position-relative h-element\"><div class=\"h-global-transition-all colibri-post-thumbnail-shortcode style-dynamic-727-c9-height\">            <a href=\"https:\/\/rgch-mens.be\/index.php\/2024\/11\/28\/classements-championnats-winter-2025\/\" title=\"Classements Championnats Winter 2025\">\n\t\t\t\t<img loading=\"lazy\" decoding=\"async\" width=\"1298\" height=\"1705\" src=\"https:\/\/rgch-mens.be\/wp-content\/uploads\/2024\/05\/logo-mens.jpg\" class=\"attachment-post-thumbnail size-post-thumbnail wp-post-image\" alt=\"\" srcset=\"https:\/\/rgch-mens.be\/wp-content\/uploads\/2024\/05\/logo-mens.jpg 1298w, https:\/\/rgch-mens.be\/wp-content\/uploads\/2024\/05\/logo-mens-228x300.jpg 228w, https:\/\/rgch-mens.be\/wp-content\/uploads\/2024\/05\/logo-mens-780x1024.jpg 780w, https:\/\/rgch-mens.be\/wp-content\/uploads\/2024\/05\/logo-mens-768x1009.jpg 768w, https:\/\/rgch-mens.be\/wp-content\/uploads\/2024\/05\/logo-mens-1169x1536.jpg 1169w\" sizes=\"auto, (max-width: 1298px) 100vw, 1298px\" \/>            <\/a>\n\t\t\t<\/div> <div class=\"colibri-post-thumbnail-content align-items-lg-center align-items-md-center align-items-center flex-basis-100\"><div class=\"w-100 h-y-container\"> <\/div><\/div><\/div><\/div><\/div><\/div><div class=\"h-column h-column-container d-flex h-col-lg-6 h-col-md-6 h-col-12 style-813-outer style-local-727-c10-outer\"><div data-colibri-id=\"727-c10\" class=\"d-flex h-flex-basis h-column__inner h-px-lg-3 h-px-md-3 h-px-3 v-inner-lg-3 v-inner-md-3 v-inner-3 style-813 style-local-727-c10 position-relative\"> <div class=\"w-100 h-y-container h-column__content h-column__v-align flex-basis-100 align-self-lg-start align-self-md-start align-self-start\"> <div data-colibri-id=\"727-c11\" class=\"h-blog-title style-814 style-local-727-c11 position-relative h-element\"><div class=\"h-global-transition-all\"><a href=\"https:\/\/rgch-mens.be\/index.php\/2024\/11\/28\/classements-championnats-winter-2025\/\"><h4 class=\"colibri-word-wrap\">Classements Championnats Winter 2025<\/h4><\/a><\/div><\/div><div data-colibri-id=\"727-c12\" class=\"style-815 style-local-727-c12 position-relative h-element\"><div class=\"h-global-transition-all\"><div class=\"colibri-post-excerpt\">(Mise \u00e0 jour en date du 12 mars [&hellip;]<\/div><\/div><\/div><div data-colibri-id=\"727-c13\" class=\"h-x-container style-816 style-local-727-c13 position-relative h-element\"><div class=\"h-x-container-inner style-dynamic-727-c13-group\"><span class=\"h-button__outer style-817-outer style-local-727-c14-outer d-inline-flex h-element\"><a href=\"https:\/\/rgch-mens.be\/index.php\/2024\/11\/28\/classements-championnats-winter-2025\/\" data-colibri-id=\"727-c14\" class=\"d-flex w-100 align-items-center h-button justify-content-lg-center justify-content-md-center justify-content-center style-817 style-local-727-c14 position-relative\"> <span>Article complet<\/span> <span class=\"h-svg-icon h-button__icon style-817-icon style-local-727-c14-icon\"><svg version=\"1.1\" xmlns=\"http:\/\/www.w3.org\/2000\/svg\" xmlns:xlink=\"http:\/\/www.w3.org\/1999\/xlink\" id=\"arrow-right\" viewBox=\"0 0 512 545.5\"><path d=\"M299.5 140.5l136 136 11 11.5-11 11.5-136 136-23-23L385 304H64v-32h321L276.5 163.5z\"><\/path><\/svg><\/span><\/a><\/span><\/div><\/div><\/div><\/div><\/div><\/div><\/div><\/div><\/div><\/div>\n      \n      \n        <div class=\"h-column h-column-container d-flex h-col-lg-6 h-col-md-6 h-col-12 post-1151 post type-post status-publish format-standard has-post-thumbnail hentry category-non-classe masonry-item style-809-outer style-local-727-c6-outer\"><div data-colibri-id=\"727-c6\" class=\"d-flex h-flex-basis h-column__inner h-px-lg-2 h-px-md-2 h-px-2 v-inner-lg-2 v-inner-md-2 v-inner-2 style-809 style-local-727-c6 position-relative\"> <div class=\"w-100 h-y-container h-column__content h-column__v-align flex-basis-100 align-self-lg-start align-self-md-start align-self-start\"> <div data-colibri-id=\"727-c7\" class=\"h-row-container gutters-row-lg-0 gutters-row-md-0 gutters-row-0 gutters-row-v-lg-0 gutters-row-v-md-0 gutters-row-v-0 style-810 style-local-727-c7 h-overflow-hidden position-relative\"><div class=\"h-row justify-content-lg-center justify-content-md-center justify-content-center align-items-lg-stretch align-items-md-stretch align-items-stretch gutters-col-lg-0 gutters-col-md-0 gutters-col-0 gutters-col-v-lg-0 gutters-col-v-md-0 gutters-col-v-0\"> <div class=\"h-column h-column-container d-flex h-col-lg-6 h-col-md-6 h-col-12 style-811-outer style-local-727-c8-outer\"><div data-colibri-id=\"727-c8\" class=\"d-flex h-flex-basis h-column__inner h-px-lg-0 h-px-md-0 h-px-0 v-inner-lg-0 v-inner-md-0 v-inner-0 style-811 style-local-727-c8 position-relative\"> <div class=\"w-100 h-y-container h-column__content h-column__v-align flex-basis-100 align-self-lg-start align-self-md-start align-self-start\"> <div data-href=\"https:\/\/rgch-mens.be\/index.php\/2024\/11\/21\/winter-match-play-1\/\" data-colibri-component=\"link\" data-colibri-id=\"727-c9\" class=\"colibri-post-thumbnail colibri-post-has-thumbnail colibri-post-thumbnail-has-placeholder style-812 style-local-727-c9 h-overflow-hidden position-relative h-element\"><div class=\"h-global-transition-all colibri-post-thumbnail-shortcode style-dynamic-727-c9-height\">            <a href=\"https:\/\/rgch-mens.be\/index.php\/2024\/11\/21\/winter-match-play-1\/\" title=\"Winter Match Play 1\">\n\t\t\t\t<img loading=\"lazy\" decoding=\"async\" width=\"1080\" height=\"1440\" src=\"https:\/\/rgch-mens.be\/wp-content\/uploads\/2024\/11\/manu.jpg\" class=\"attachment-post-thumbnail size-post-thumbnail wp-post-image\" alt=\"\" srcset=\"https:\/\/rgch-mens.be\/wp-content\/uploads\/2024\/11\/manu.jpg 1080w, https:\/\/rgch-mens.be\/wp-content\/uploads\/2024\/11\/manu-225x300.jpg 225w, https:\/\/rgch-mens.be\/wp-content\/uploads\/2024\/11\/manu-768x1024.jpg 768w\" sizes=\"auto, (max-width: 1080px) 100vw, 1080px\" \/>            <\/a>\n\t\t\t<\/div> <div class=\"colibri-post-thumbnail-content align-items-lg-center align-items-md-center align-items-center flex-basis-100\"><div class=\"w-100 h-y-container\"> <\/div><\/div><\/div><\/div><\/div><\/div><div class=\"h-column h-column-container d-flex h-col-lg-6 h-col-md-6 h-col-12 style-813-outer style-local-727-c10-outer\"><div data-colibri-id=\"727-c10\" class=\"d-flex h-flex-basis h-column__inner h-px-lg-3 h-px-md-3 h-px-3 v-inner-lg-3 v-inner-md-3 v-inner-3 style-813 style-local-727-c10 position-relative\"> <div class=\"w-100 h-y-container h-column__content h-column__v-align flex-basis-100 align-self-lg-start align-self-md-start align-self-start\"> <div data-colibri-id=\"727-c11\" class=\"h-blog-title style-814 style-local-727-c11 position-relative h-element\"><div class=\"h-global-transition-all\"><a href=\"https:\/\/rgch-mens.be\/index.php\/2024\/11\/21\/winter-match-play-1\/\"><h4 class=\"colibri-word-wrap\">Winter Match Play 1<\/h4><\/a><\/div><\/div><div data-colibri-id=\"727-c12\" class=\"style-815 style-local-727-c12 position-relative h-element\"><div class=\"h-global-transition-all\"><div class=\"colibri-post-excerpt\">Classement ci-dessus de la premi\u00e8re journ\u00e9e du championnat [&hellip;]<\/div><\/div><\/div><div data-colibri-id=\"727-c13\" class=\"h-x-container style-816 style-local-727-c13 position-relative h-element\"><div class=\"h-x-container-inner style-dynamic-727-c13-group\"><span class=\"h-button__outer style-817-outer style-local-727-c14-outer d-inline-flex h-element\"><a href=\"https:\/\/rgch-mens.be\/index.php\/2024\/11\/21\/winter-match-play-1\/\" data-colibri-id=\"727-c14\" class=\"d-flex w-100 align-items-center h-button justify-content-lg-center justify-content-md-center justify-content-center style-817 style-local-727-c14 position-relative\"> <span>Article complet<\/span> <span class=\"h-svg-icon h-button__icon style-817-icon style-local-727-c14-icon\"><svg version=\"1.1\" xmlns=\"http:\/\/www.w3.org\/2000\/svg\" xmlns:xlink=\"http:\/\/www.w3.org\/1999\/xlink\" id=\"arrow-right\" viewBox=\"0 0 512 545.5\"><path d=\"M299.5 140.5l136 136 11 11.5-11 11.5-136 136-23-23L385 304H64v-32h321L276.5 163.5z\"><\/path><\/svg><\/span><\/a><\/span><\/div><\/div><\/div><\/div><\/div><\/div><\/div><\/div><\/div><\/div>\n      \n      \n        <div class=\"h-column h-column-container d-flex h-col-lg-6 h-col-md-6 h-col-12 post-1144 post type-post status-publish format-standard has-post-thumbnail hentry category-non-classe masonry-item style-809-outer style-local-727-c6-outer\"><div data-colibri-id=\"727-c6\" class=\"d-flex h-flex-basis h-column__inner h-px-lg-2 h-px-md-2 h-px-2 v-inner-lg-2 v-inner-md-2 v-inner-2 style-809 style-local-727-c6 position-relative\"> <div class=\"w-100 h-y-container h-column__content h-column__v-align flex-basis-100 align-self-lg-start align-self-md-start align-self-start\"> <div data-colibri-id=\"727-c7\" class=\"h-row-container gutters-row-lg-0 gutters-row-md-0 gutters-row-0 gutters-row-v-lg-0 gutters-row-v-md-0 gutters-row-v-0 style-810 style-local-727-c7 h-overflow-hidden position-relative\"><div class=\"h-row justify-content-lg-center justify-content-md-center justify-content-center align-items-lg-stretch align-items-md-stretch align-items-stretch gutters-col-lg-0 gutters-col-md-0 gutters-col-0 gutters-col-v-lg-0 gutters-col-v-md-0 gutters-col-v-0\"> <div class=\"h-column h-column-container d-flex h-col-lg-6 h-col-md-6 h-col-12 style-811-outer style-local-727-c8-outer\"><div data-colibri-id=\"727-c8\" class=\"d-flex h-flex-basis h-column__inner h-px-lg-0 h-px-md-0 h-px-0 v-inner-lg-0 v-inner-md-0 v-inner-0 style-811 style-local-727-c8 position-relative\"> <div class=\"w-100 h-y-container h-column__content h-column__v-align flex-basis-100 align-self-lg-start align-self-md-start align-self-start\"> <div data-href=\"https:\/\/rgch-mens.be\/index.php\/2024\/11\/14\/winter-eclectic-1\/\" data-colibri-component=\"link\" data-colibri-id=\"727-c9\" class=\"colibri-post-thumbnail colibri-post-has-thumbnail colibri-post-thumbnail-has-placeholder style-812 style-local-727-c9 h-overflow-hidden position-relative h-element\"><div class=\"h-global-transition-all colibri-post-thumbnail-shortcode style-dynamic-727-c9-height\">            <a href=\"https:\/\/rgch-mens.be\/index.php\/2024\/11\/14\/winter-eclectic-1\/\" title=\"Winter Eclectic 1\">\n\t\t\t\t<img loading=\"lazy\" decoding=\"async\" width=\"1080\" height=\"1440\" src=\"https:\/\/rgch-mens.be\/wp-content\/uploads\/2024\/11\/lorenzo.jpg\" class=\"attachment-post-thumbnail size-post-thumbnail wp-post-image\" alt=\"\" srcset=\"https:\/\/rgch-mens.be\/wp-content\/uploads\/2024\/11\/lorenzo.jpg 1080w, https:\/\/rgch-mens.be\/wp-content\/uploads\/2024\/11\/lorenzo-225x300.jpg 225w, https:\/\/rgch-mens.be\/wp-content\/uploads\/2024\/11\/lorenzo-768x1024.jpg 768w\" sizes=\"auto, (max-width: 1080px) 100vw, 1080px\" \/>            <\/a>\n\t\t\t<\/div> <div class=\"colibri-post-thumbnail-content align-items-lg-center align-items-md-center align-items-center flex-basis-100\"><div class=\"w-100 h-y-container\"> <\/div><\/div><\/div><\/div><\/div><\/div><div class=\"h-column h-column-container d-flex h-col-lg-6 h-col-md-6 h-col-12 style-813-outer style-local-727-c10-outer\"><div data-colibri-id=\"727-c10\" class=\"d-flex h-flex-basis h-column__inner h-px-lg-3 h-px-md-3 h-px-3 v-inner-lg-3 v-inner-md-3 v-inner-3 style-813 style-local-727-c10 position-relative\"> <div class=\"w-100 h-y-container h-column__content h-column__v-align flex-basis-100 align-self-lg-start align-self-md-start align-self-start\"> <div data-colibri-id=\"727-c11\" class=\"h-blog-title style-814 style-local-727-c11 position-relative h-element\"><div class=\"h-global-transition-all\"><a href=\"https:\/\/rgch-mens.be\/index.php\/2024\/11\/14\/winter-eclectic-1\/\"><h4 class=\"colibri-word-wrap\">Winter Eclectic 1<\/h4><\/a><\/div><\/div><div data-colibri-id=\"727-c12\" class=\"style-815 style-local-727-c12 position-relative h-element\"><div class=\"h-global-transition-all\"><div class=\"colibri-post-excerpt\">1\u00e8re journ\u00e9e de l&rsquo;Eclectic 2025 sur Bruy\u00e8res-Quesnoy. Classement [&hellip;]<\/div><\/div><\/div><div data-colibri-id=\"727-c13\" class=\"h-x-container style-816 style-local-727-c13 position-relative h-element\"><div class=\"h-x-container-inner style-dynamic-727-c13-group\"><span class=\"h-button__outer style-817-outer style-local-727-c14-outer d-inline-flex h-element\"><a href=\"https:\/\/rgch-mens.be\/index.php\/2024\/11\/14\/winter-eclectic-1\/\" data-colibri-id=\"727-c14\" class=\"d-flex w-100 align-items-center h-button justify-content-lg-center justify-content-md-center justify-content-center style-817 style-local-727-c14 position-relative\"> <span>Article complet<\/span> <span class=\"h-svg-icon h-button__icon style-817-icon style-local-727-c14-icon\"><svg version=\"1.1\" xmlns=\"http:\/\/www.w3.org\/2000\/svg\" xmlns:xlink=\"http:\/\/www.w3.org\/1999\/xlink\" id=\"arrow-right\" viewBox=\"0 0 512 545.5\"><path d=\"M299.5 140.5l136 136 11 11.5-11 11.5-136 136-23-23L385 304H64v-32h321L276.5 163.5z\"><\/path><\/svg><\/span><\/a><\/span><\/div><\/div><\/div><\/div><\/div><\/div><\/div><\/div><\/div><\/div>\n      \n      \n        <div class=\"h-column h-column-container d-flex h-col-lg-6 h-col-md-6 h-col-12 post-1140 post type-post status-publish format-standard has-post-thumbnail hentry category-non-classe masonry-item style-809-outer style-local-727-c6-outer\"><div data-colibri-id=\"727-c6\" class=\"d-flex h-flex-basis h-column__inner h-px-lg-2 h-px-md-2 h-px-2 v-inner-lg-2 v-inner-md-2 v-inner-2 style-809 style-local-727-c6 position-relative\"> <div class=\"w-100 h-y-container h-column__content h-column__v-align flex-basis-100 align-self-lg-start align-self-md-start align-self-start\"> <div data-colibri-id=\"727-c7\" class=\"h-row-container gutters-row-lg-0 gutters-row-md-0 gutters-row-0 gutters-row-v-lg-0 gutters-row-v-md-0 gutters-row-v-0 style-810 style-local-727-c7 h-overflow-hidden position-relative\"><div class=\"h-row justify-content-lg-center justify-content-md-center justify-content-center align-items-lg-stretch align-items-md-stretch align-items-stretch gutters-col-lg-0 gutters-col-md-0 gutters-col-0 gutters-col-v-lg-0 gutters-col-v-md-0 gutters-col-v-0\"> <div class=\"h-column h-column-container d-flex h-col-lg-6 h-col-md-6 h-col-12 style-811-outer style-local-727-c8-outer\"><div data-colibri-id=\"727-c8\" class=\"d-flex h-flex-basis h-column__inner h-px-lg-0 h-px-md-0 h-px-0 v-inner-lg-0 v-inner-md-0 v-inner-0 style-811 style-local-727-c8 position-relative\"> <div class=\"w-100 h-y-container h-column__content h-column__v-align flex-basis-100 align-self-lg-start align-self-md-start align-self-start\"> <div data-href=\"https:\/\/rgch-mens.be\/index.php\/2024\/11\/07\/winter-best-double-partner-1\/\" data-colibri-component=\"link\" data-colibri-id=\"727-c9\" class=\"colibri-post-thumbnail colibri-post-has-thumbnail colibri-post-thumbnail-has-placeholder style-812 style-local-727-c9 h-overflow-hidden position-relative h-element\"><div class=\"h-global-transition-all colibri-post-thumbnail-shortcode style-dynamic-727-c9-height\">            <a href=\"https:\/\/rgch-mens.be\/index.php\/2024\/11\/07\/winter-best-double-partner-1\/\" title=\"Winter Best Double Partner 1\">\n\t\t\t\t<img loading=\"lazy\" decoding=\"async\" width=\"1080\" height=\"1440\" src=\"https:\/\/rgch-mens.be\/wp-content\/uploads\/2024\/11\/winter-gouda.jpg\" class=\"attachment-post-thumbnail size-post-thumbnail wp-post-image\" alt=\"\" srcset=\"https:\/\/rgch-mens.be\/wp-content\/uploads\/2024\/11\/winter-gouda.jpg 1080w, https:\/\/rgch-mens.be\/wp-content\/uploads\/2024\/11\/winter-gouda-225x300.jpg 225w, https:\/\/rgch-mens.be\/wp-content\/uploads\/2024\/11\/winter-gouda-768x1024.jpg 768w\" sizes=\"auto, (max-width: 1080px) 100vw, 1080px\" \/>            <\/a>\n\t\t\t<\/div> <div class=\"colibri-post-thumbnail-content align-items-lg-center align-items-md-center align-items-center flex-basis-100\"><div class=\"w-100 h-y-container\"> <\/div><\/div><\/div><\/div><\/div><\/div><div class=\"h-column h-column-container d-flex h-col-lg-6 h-col-md-6 h-col-12 style-813-outer style-local-727-c10-outer\"><div data-colibri-id=\"727-c10\" class=\"d-flex h-flex-basis h-column__inner h-px-lg-3 h-px-md-3 h-px-3 v-inner-lg-3 v-inner-md-3 v-inner-3 style-813 style-local-727-c10 position-relative\"> <div class=\"w-100 h-y-container h-column__content h-column__v-align flex-basis-100 align-self-lg-start align-self-md-start align-self-start\"> <div data-colibri-id=\"727-c11\" class=\"h-blog-title style-814 style-local-727-c11 position-relative h-element\"><div class=\"h-global-transition-all\"><a href=\"https:\/\/rgch-mens.be\/index.php\/2024\/11\/07\/winter-best-double-partner-1\/\"><h4 class=\"colibri-word-wrap\">Winter Best Double Partner 1<\/h4><\/a><\/div><\/div><div data-colibri-id=\"727-c12\" class=\"style-815 style-local-727-c12 position-relative h-element\"><div class=\"h-global-transition-all\"><div class=\"colibri-post-excerpt\">Formule Scramble \u00e0 2 Classement de la journ\u00e9e:<\/div><\/div><\/div><div data-colibri-id=\"727-c13\" class=\"h-x-container style-816 style-local-727-c13 position-relative h-element\"><div class=\"h-x-container-inner style-dynamic-727-c13-group\"><span class=\"h-button__outer style-817-outer style-local-727-c14-outer d-inline-flex h-element\"><a href=\"https:\/\/rgch-mens.be\/index.php\/2024\/11\/07\/winter-best-double-partner-1\/\" data-colibri-id=\"727-c14\" class=\"d-flex w-100 align-items-center h-button justify-content-lg-center justify-content-md-center justify-content-center style-817 style-local-727-c14 position-relative\"> <span>Article complet<\/span> <span class=\"h-svg-icon h-button__icon style-817-icon style-local-727-c14-icon\"><svg version=\"1.1\" xmlns=\"http:\/\/www.w3.org\/2000\/svg\" xmlns:xlink=\"http:\/\/www.w3.org\/1999\/xlink\" id=\"arrow-right\" viewBox=\"0 0 512 545.5\"><path d=\"M299.5 140.5l136 136 11 11.5-11 11.5-136 136-23-23L385 304H64v-32h321L276.5 163.5z\"><\/path><\/svg><\/span><\/a><\/span><\/div><\/div><\/div><\/div><\/div><\/div><\/div><\/div><\/div><\/div>\n      \n      \n                    <\/div>\n                <\/div>\n              <\/div>\n            <\/div>\n          <\/div>\n        <\/div>\n      <\/div>\n    <\/div>\n  <\/div>\n<\/div>","protected":false},"excerpt":{"rendered":"<p>Derniers Articles<\/p>\n","protected":false},"author":1,"featured_media":0,"parent":0,"menu_order":0,"comment_status":"closed","ping_status":"closed","template":"page-templates\/full-width-page.php","meta":{"footnotes":""},"class_list":["post-727","page","type-page","status-publish","hentry"],"_links":{"self":[{"href":"https:\/\/rgch-mens.be\/index.php\/wp-json\/wp\/v2\/pages\/727","targetHints":{"allow":["GET"]}}],"collection":[{"href":"https:\/\/rgch-mens.be\/index.php\/wp-json\/wp\/v2\/pages"}],"about":[{"href":"https:\/\/rgch-mens.be\/index.php\/wp-json\/wp\/v2\/types\/page"}],"author":[{"embeddable":true,"href":"https:\/\/rgch-mens.be\/index.php\/wp-json\/wp\/v2\/users\/1"}],"replies":[{"embeddable":true,"href":"https:\/\/rgch-mens.be\/index.php\/wp-json\/wp\/v2\/comments?post=727"}],"version-history":[{"count":4,"href":"https:\/\/rgch-mens.be\/index.php\/wp-json\/wp\/v2\/pages\/727\/revisions"}],"predecessor-version":[{"id":884,"href":"https:\/\/rgch-mens.be\/index.php\/wp-json\/wp\/v2\/pages\/727\/revisions\/884"}],"wp:attachment":[{"href":"https:\/\/rgch-mens.be\/index.php\/wp-json\/wp\/v2\/media?parent=727"}],"curies":[{"name":"wp","href":"https:\/\/api.w.org\/{rel}","templated":true}]}}